{"id":12616,"date":"2024-02-14T15:27:34","date_gmt":"2024-02-14T14:27:34","guid":{"rendered":"https:\/\/yorge.com\/?page_id=12616"},"modified":"2026-02-07T19:02:36","modified_gmt":"2026-02-07T18:02:36","slug":"impressum","status":"publish","type":"page","link":"https:\/\/yorge.com\/en\/impressum\/","title":{"rendered":"Impressum"},"content":{"rendered":"<p>[et_pb_section fb_built=&#8220;1&#8243; admin_label=&#8220;Service&#8220; module_class=&#8220;mySection&#8220; _builder_version=&#8220;4.27.4&#8243; _module_preset=&#8220;default&#8220; background_enable_color=&#8220;off&#8220; background_enable_image=&#8220;off&#8220; custom_margin=&#8220;||||false|false&#8220; custom_padding=&#8220;||||false|false&#8220; collapsed=&#8220;off&#8220; global_colors_info=&#8220;{%22gcid-0b3648c3-2401-4522-b561-c93abc2c011d%22:%91%22background_color%22%93}&#8220;][et_pb_row column_structure=&#8220;2_5,3_5&#8243; use_custom_gutter=&#8220;on&#8220; gutter_width=&#8220;2&#8243; make_equal=&#8220;on&#8220; custom_padding_last_edited=&#8220;on|desktop&#8220; disabled_on=&#8220;off|off|off&#8220; _builder_version=&#8220;4.27.4&#8243; _module_preset=&#8220;default&#8220; background_enable_image=&#8220;off&#8220; width=&#8220;75%&#8220; width_tablet=&#8220;87%&#8220; width_phone=&#8220;90%&#8220; width_last_edited=&#8220;on|desktop&#8220; max_width=&#8220;90%&#8220; max_width_tablet=&#8220;87%&#8220; max_width_phone=&#8220;95%&#8220; max_width_last_edited=&#8220;on|desktop&#8220; custom_margin=&#8220;5vh|auto|8vh|auto|false|false&#8220; custom_margin_tablet=&#8220;0px||0vh||false|false&#8220; custom_margin_phone=&#8220;5vh||0vh||false|false&#8220; custom_margin_last_edited=&#8220;on|desktop&#8220; custom_padding=&#8220;0px||||false|false&#8220; custom_padding_tablet=&#8220;0px||||false|false&#8220; custom_padding_phone=&#8220;0px||||false|false&#8220; hover_transition_duration=&#8220;400ms&#8220; hover_transition_delay=&#8220;100ms&#8220; hover_transition_speed_curve=&#8220;ease-in&#8220; collapsed=&#8220;on&#8220; global_colors_info=&#8220;{}&#8220;][et_pb_column type=&#8220;2_5&#8243; _builder_version=&#8220;4.27.4&#8243; _module_preset=&#8220;default&#8220; background_enable_color=&#8220;off&#8220; background_enable_image=&#8220;off&#8220; custom_padding=&#8220;0px|0px|0px|0px|false|true&#8220; custom_padding_tablet=&#8220;40px|0px|0px|0px|false|false&#8220; custom_padding_phone=&#8220;0px|0px|0px|0px|true|true&#8220; custom_padding_last_edited=&#8220;on|tablet&#8220; hover_transition_duration=&#8220;1000ms&#8220; border_radii=&#8220;on|1px|1px|1px|1px&#8220; border_width_all=&#8220;0px&#8220; border_color_all=&#8220;#212121&#8243; border_color_bottom=&#8220;gcid-76fafaea-1022-48e3-ad06-035e97c06225&#8243; border_width_bottom_tablet=&#8220;0px&#8220; border_width_bottom_phone=&#8220;0px&#8220; border_width_bottom_last_edited=&#8220;on|phone&#8220; global_colors_info=&#8220;{%22gcid-211f5e14-cce3-424e-ae6c-771a65c354a9%22:%91%22border_color_all%22,%22border_color_all%22,%22border_color_all%22%93,%22gcid-0ed8773d-038e-449a-b104-7930985eab92%22:%91%22background_color%22%93,%22gcid-76fafaea-1022-48e3-ad06-035e97c06225%22:%91%22border_color_bottom%22%93}&#8220; background__hover_enabled=&#8220;off|desktop&#8220; background_color_gradient_stops__hover=&#8220;rgba(10,0,0,0.98) 0%|rgba(10,10,10,0.5) 100%&#8220; use_background_color_gradient__hover=&#8220;on&#8220; transform_styles__hover_enabled=&#8220;off|desktop&#8220; transform_scale__hover_enabled=&#8220;off|desktop&#8220; transform_translate__hover_enabled=&#8220;off|desktop&#8220; transform_rotate__hover_enabled=&#8220;off|desktop&#8220; transform_skew__hover_enabled=&#8220;off|desktop&#8220; transform_origin__hover_enabled=&#8220;off|desktop&#8220; transform_scale__hover=&#8220;102%|102%&#8220; custom_css_main_element_last_edited=&#8220;on|phone&#8220; custom_css_main_element_phone=&#8220;margin-bottom:15px !important;&#8220;][et_pb_heading title=&#8220;IMPRESSUM&#8220; title_tablet=&#8220;Svatebn\u00ed fotografie a video&#8220; title_phone=&#8220;Svatebn\u00ed fotky a video&#8220; title_last_edited=&#8220;off|phone&#8220; _builder_version=&#8220;4.27.4&#8243; _module_preset=&#8220;2ae4e43b-9e3c-42c8-ae0f-d819ecb5d45a&#8220; title_level=&#8220;h1&#8243; title_font=&#8220;Ivy Mode|600||on|||||&#8220; title_text_color=&#8220;#212121&#8243; title_font_size=&#8220;1vw&#8220; title_letter_spacing=&#8220;4px&#8220; title_line_height=&#8220;1.1em&#8220; width_tablet=&#8220;100%&#8220; max_width=&#8220;100%&#8220; max_width_tablet=&#8220;100%&#8220; custom_margin=&#8220;3vh||10px||false|false&#8220; custom_margin_tablet=&#8220;0px||14px||false|false&#8220; custom_margin_phone=&#8220;5px||0px||false|false&#8220; custom_padding=&#8220;0px||10px||false|false&#8220; title_font_size_tablet=&#8220;1em&#8220; title_font_size_phone=&#8220;0.8em&#8220; title_letter_spacing_tablet=&#8220;3px&#8220; title_letter_spacing_phone=&#8220;2px&#8220; title_letter_spacing_last_edited=&#8220;on|phone&#8220; global_colors_info=&#8220;{}&#8220; custom_css_main_element_last_edited=&#8220;on|phone&#8220; custom_css_main_element_phone=&#8220;font-weight:bold;&#8220;][\/et_pb_heading][et_pb_text _builder_version=&#8220;4.27.4&#8243; _module_preset=&#8220;f15e2d0a-c2ca-404f-8ba0-170146495b89&#8243; text_font=&#8220;Carson|600|||||||&#8220; text_text_color=&#8220;#212121&#8243; text_font_size=&#8220;2.4vw&#8220; text_letter_spacing=&#8220;3px&#8220; text_line_height=&#8220;1.4em&#8220; text_orientation=&#8220;center&#8220; width=&#8220;100%&#8220; max_width=&#8220;100%&#8220; max_width_tablet=&#8220;100%&#8220; max_width_phone=&#8220;100%&#8220; custom_margin=&#8220;||10px||false|false&#8220; custom_margin_tablet=&#8220;||20px||false|false&#8220; custom_margin_phone=&#8220;5px||15px||false|false&#8220; custom_margin_last_edited=&#8220;on|desktop&#8220; text_font_size_tablet=&#8220;2.1em&#8220; text_font_size_phone=&#8220;1.4em&#8220; global_colors_info=&#8220;{}&#8220;]<\/p>\n<p>VLASTN\u00cdK A SPR\u00c1VCE <em>tohoto webu<\/em><\/p>\n<p>[\/et_pb_text][et_pb_text _builder_version=&#8220;4.27.4&#8243; _module_preset=&#8220;c5433692-915a-4a17-815b-5fbd5904b951&#8243; text_text_color=&#8220;#212121&#8243; text_orientation=&#8220;center&#8220; module_alignment=&#8220;left&#8220; custom_margin=&#8220;||0px||false|false&#8220; custom_padding=&#8220;||||false|false&#8220; text_font_size_tablet=&#8220;&#8220; text_font_size_phone=&#8220;0.8em&#8220; text_font_size_last_edited=&#8220;on|desktop&#8220; global_colors_info=&#8220;{}&#8220;]<\/p>\n<p>Yorge Soren<br \/><strong>Mgr. Jiri Kucik <\/strong>(legal name)<br \/><strong>B\u0159estek 383, 687 08, \u010cesk\u00e1 republika<\/strong><br \/><strong>I\u010cO: 05845858<\/strong><br \/>Tel.:\u00a0 +420 739 649 049<br \/>E-Mail: info@yorge.com<\/p>\n<p>[\/et_pb_text][\/et_pb_column][et_pb_column type=&#8220;3_5&#8243; _builder_version=&#8220;4.27.4&#8243; _module_preset=&#8220;default&#8220; background_enable_color=&#8220;off&#8220; background_image=&#8220;https:\/\/yorge.com\/wp-content\/uploads\/2024\/02\/svatebni-oceni-na-podzim.webp&#8220; custom_padding=&#8220;0px|0px|20px|0px|false|true&#8220; custom_padding_tablet=&#8220;0px|0px|0px|0px|false|false&#8220; custom_padding_phone=&#8220;0px|0px|0px|0px|true|true&#8220; custom_padding_last_edited=&#8220;on|tablet&#8220; hover_transition_duration=&#8220;1000ms&#8220; border_radii=&#8220;on|23px|23px|23px|23px&#8220; border_width_all=&#8220;0px&#8220; border_color_all=&#8220;#212121&#8243; border_color_bottom=&#8220;gcid-76fafaea-1022-48e3-ad06-035e97c06225&#8243; border_width_bottom_tablet=&#8220;0px&#8220; border_width_bottom_phone=&#8220;0px&#8220; border_width_bottom_last_edited=&#8220;on|phone&#8220; global_colors_info=&#8220;{%22gcid-211f5e14-cce3-424e-ae6c-771a65c354a9%22:%91%22border_color_all%22,%22border_color_all%22,%22border_color_all%22,%22border_color_all%22%93,%22gcid-0ed8773d-038e-449a-b104-7930985eab92%22:%91%22background_color%22%93,%22gcid-76fafaea-1022-48e3-ad06-035e97c06225%22:%91%22border_color_bottom%22%93}&#8220; background__hover_enabled=&#8220;off|desktop&#8220; background_color_gradient_stops__hover=&#8220;rgba(10,0,0,0.98) 0%|rgba(10,10,10,0.5) 100%&#8220; use_background_color_gradient__hover=&#8220;on&#8220; transform_styles__hover_enabled=&#8220;off|desktop&#8220; transform_scale__hover_enabled=&#8220;off|desktop&#8220; transform_translate__hover_enabled=&#8220;off|desktop&#8220; transform_rotate__hover_enabled=&#8220;off|desktop&#8220; transform_skew__hover_enabled=&#8220;off|desktop&#8220; transform_origin__hover_enabled=&#8220;off|desktop&#8220; transform_scale__hover=&#8220;102%|102%&#8220; custom_css_main_element_last_edited=&#8220;on|phone&#8220; custom_css_main_element_phone=&#8220;height:250px&#8220; custom_css_main_element_tablet=&#8220;HEIGHT:700px;&#8220;][et_pb_divider show_divider=&#8220;off&#8220; _builder_version=&#8220;4.27.4&#8243; _module_preset=&#8220;default&#8220; global_colors_info=&#8220;{}&#8220;][\/et_pb_divider][\/et_pb_column][\/et_pb_row][et_pb_row column_structure=&#8220;3_5,2_5&#8243; use_custom_gutter=&#8220;on&#8220; make_equal=&#8220;on&#8220; _builder_version=&#8220;4.27.4&#8243; _module_preset=&#8220;default&#8220; width_tablet=&#8220;&#8220; width_phone=&#8220;90%&#8220; width_last_edited=&#8220;on|phone&#8220; max_width=&#8220;75%&#8220; max_width_tablet=&#8220;80%&#8220; max_width_phone=&#8220;90%&#8220; max_width_last_edited=&#8220;on|desktop&#8220; module_alignment=&#8220;center&#8220; custom_margin=&#8220;|0px||0px|false|false&#8220; global_colors_info=&#8220;{}&#8220;][et_pb_column type=&#8220;3_5&#8243; _builder_version=&#8220;4.22.1&#8243; _module_preset=&#8220;default&#8220; global_colors_info=&#8220;{}&#8220;][et_pb_text _builder_version=&#8220;4.27.4&#8243; _module_preset=&#8220;e5e5b5ec-9dbb-4682-9ef2-be91a2ae24cf&#8220; text_text_color=&#8220;#212121&#8243; header_font=&#8220;|700||on|||||&#8220; header_text_color=&#8220;#FFFFFF&#8220; header_font_size=&#8220;2em&#8220; header_2_font=&#8220;|600||on|||||&#8220; header_2_text_color=&#8220;#212121&#8243; header_2_font_size=&#8220;2.6vw&#8220; header_2_letter_spacing=&#8220;3px&#8220; header_2_line_height=&#8220;1.2em&#8220; module_alignment=&#8220;left&#8220; custom_margin=&#8220;||10px||false|false&#8220; header_2_text_align_tablet=&#8220;&#8220; header_2_text_align_phone=&#8220;center&#8220; header_2_text_align_last_edited=&#8220;on|phone&#8220; header_2_font_size_tablet=&#8220;&#8220; header_2_font_size_phone=&#8220;34px&#8220; header_2_font_size_last_edited=&#8220;on|desktop&#8220; global_colors_info=&#8220;{}&#8220;]<\/p>\n<h2>Podm\u00ednky u\u017e\u00edv\u00e1n\u00ed<\/h2>\n<p>[\/et_pb_text][et_pb_text _builder_version=&#8220;4.27.5&#8243; _module_preset=&#8220;c5433692-915a-4a17-815b-5fbd5904b951&#8243; text_text_color=&#8220;#212121&#8243; text_font_size=&#8220;2.4vh&#8220; text_line_height=&#8220;1.9em&#8220; module_alignment=&#8220;left&#8220; text_font_size_tablet=&#8220;&#8220; text_font_size_phone=&#8220;&#8220; text_font_size_last_edited=&#8220;on|desktop&#8220; global_colors_info=&#8220;{}&#8220;]<\/p>\n<p data-start=\"110\" data-end=\"431\">Ve\u0161ker\u00fd obsah na tomto webu (nap\u0159. texty, fotografie, videa, soubory, grafika a jejich uspo\u0159\u00e1d\u00e1n\u00ed) je m\u00fdm <strong>du\u0161evn\u00edm vlastnictv\u00edm a podl\u00e9h\u00e1 autorsk\u00e9mu pr\u00e1vu. Jak\u00e9koliv pou\u017eit\u00ed je mo\u017en\u00e9 pouze s m\u00fdm p\u00edsemn\u00fdm souhlasem.<\/strong> Na str\u00e1nk\u00e1ch se m\u016f\u017ee objevit i obsah t\u0159et\u00edch stran (nap\u0159. loga, symboly, videa, \u010di fotografie), kter\u00fd podl\u00e9h\u00e1 jejich pr\u00e1v\u016fm.<\/p>\n<p data-start=\"433\" data-end=\"618\">Obsah jsem pe\u010dliv\u011b zkontroloval, ale neru\u010d\u00edm za jeho \u00faplnost, aktu\u00e1lnost nebo vhodnost. Neodpov\u00edd\u00e1m za \u017e\u00e1dn\u00e9 \u0161kody, kter\u00e9 by mohly vzniknout p\u0159\u00edm\u00fdm nebo nep\u0159\u00edm\u00fdm pou\u017e\u00edv\u00e1n\u00edm tohoto webu.<\/p>\n<p>[\/et_pb_text][\/et_pb_column][et_pb_column type=&#8220;2_5&#8243; disabled_on=&#8220;off|on|off&#8220; _builder_version=&#8220;4.27.4&#8243; _module_preset=&#8220;default&#8220; background_image=&#8220;https:\/\/yorge.com\/wp-content\/uploads\/2023\/10\/0038.webp&#8220; global_colors_info=&#8220;{}&#8220; custom_css_main_element_last_edited=&#8220;on|phone&#8220; custom_css_main_element_phone=&#8220;height:250px&#8220;][\/et_pb_column][\/et_pb_row][et_pb_row use_custom_gutter=&#8220;on&#8220; custom_padding_last_edited=&#8220;on|phone&#8220; _builder_version=&#8220;4.27.4&#8243; _module_preset=&#8220;default&#8220; width_tablet=&#8220;80%&#8220; width_phone=&#8220;90%&#8220; width_last_edited=&#8220;on|desktop&#8220; max_width=&#8220;75%&#8220; max_width_tablet=&#8220;85%&#8220; max_width_phone=&#8220;90%&#8220; max_width_last_edited=&#8220;on|tablet&#8220; module_alignment=&#8220;center&#8220; custom_margin=&#8220;|0px||0px|false|false&#8220; custom_padding_tablet=&#8220;&#8220; custom_padding_phone=&#8220;||0px||false|false&#8220; global_colors_info=&#8220;{}&#8220;][et_pb_column type=&#8220;4_4&#8243; _builder_version=&#8220;4.22.1&#8243; _module_preset=&#8220;default&#8220; global_colors_info=&#8220;{}&#8220;][et_pb_text _builder_version=&#8220;4.27.4&#8243; _module_preset=&#8220;_initial&#8220; text_text_color=&#8220;#212121&#8243; header_font=&#8220;|700||on|||||&#8220; header_text_color=&#8220;#FFFFFF&#8220; header_font_size=&#8220;2em&#8220; header_2_font=&#8220;|600||on|||||&#8220; header_2_text_color=&#8220;#212121&#8243; header_2_font_size=&#8220;2.6vw&#8220; header_2_letter_spacing=&#8220;3px&#8220; header_2_line_height=&#8220;1.2em&#8220; max_width_phone=&#8220;100%&#8220; module_alignment=&#8220;left&#8220; custom_margin=&#8220;||10px||false|false&#8220; header_2_text_align_tablet=&#8220;&#8220; header_2_text_align_phone=&#8220;center&#8220; header_2_text_align_last_edited=&#8220;on|phone&#8220; header_2_font_size_tablet=&#8220;&#8220; header_2_font_size_phone=&#8220;30px&#8220; header_2_font_size_last_edited=&#8220;on|desktop&#8220; header_2_line_height_tablet=&#8220;1.2em&#8220; header_2_line_height_phone=&#8220;1.6em&#8220; header_2_line_height_last_edited=&#8220;on|phone&#8220; global_colors_info=&#8220;{}&#8220;]<\/p>\n<h2>Odkazy na obsah t\u0159et\u00edch stran<\/h2>\n<p>[\/et_pb_text][et_pb_text _builder_version=&#8220;4.27.4&#8243; _module_preset=&#8220;c5433692-915a-4a17-815b-5fbd5904b951&#8243; text_text_color=&#8220;#212121&#8243; module_alignment=&#8220;left&#8220; text_font_size_tablet=&#8220;&#8220; text_font_size_phone=&#8220;&#8220; text_font_size_last_edited=&#8220;on|desktop&#8220; global_colors_info=&#8220;{}&#8220;]<\/p>\n<p>Tento web m\u016f\u017ee obsahovat odkazy na internetov\u00e9 str\u00e1nky t\u0159et\u00edch stran. Upozor\u0148ujeme, \u017ee nem\u00e1me \u017e\u00e1dnou kontrolu nad obsahem t\u011bchto str\u00e1nek a neodpov\u00edd\u00e1me za jejich p\u0159esnost, bezpe\u010dnost nebo obsah.<\/p>\n<p>[\/et_pb_text][\/et_pb_column][\/et_pb_row][\/et_pb_section]<\/p>\n","protected":false},"excerpt":{"rendered":"<p>VLASTN\u00cdK A SPR\u00c1VCE tohoto webuYorge SorenMgr. Jiri Kucik (legal name)B\u0159estek 383, 687 08, \u010cesk\u00e1 republikaI\u010cO: 05845858Tel.:\u00a0 +420 739 649 049E-Mail: info@yorge.comPodm\u00ednky u\u017e\u00edv\u00e1n\u00edVe\u0161ker\u00fd obsah na tomto webu (nap\u0159. texty, fotografie, videa, soubory, grafika a jejich uspo\u0159\u00e1d\u00e1n\u00ed) je m\u00fdm du\u0161evn\u00edm vlastnictv\u00edm a podl\u00e9h\u00e1 autorsk\u00e9mu pr\u00e1vu. Jak\u00e9koliv pou\u017eit\u00ed je mo\u017en\u00e9 pouze s m\u00fdm p\u00edsemn\u00fdm souhlasem. Na str\u00e1nk\u00e1ch se m\u016f\u017ee objevit i obsah t\u0159et\u00edch stran (nap\u0159. loga, symboly, videa, \u010di fotografie), kter\u00fd podl\u00e9h\u00e1 jejich pr\u00e1v\u016fm. Obsah jsem pe\u010dliv\u011b zkontroloval, ale neru\u010d\u00edm za jeho \u00faplnost, aktu\u00e1lnost nebo vhodnost. Neodpov\u00edd\u00e1m za \u017e\u00e1dn\u00e9 \u0161kody, kter\u00e9 by mohly vzniknout p\u0159\u00edm\u00fdm nebo nep\u0159\u00edm\u00fdm pou\u017e\u00edv\u00e1n\u00edm tohoto webu.Odkazy na obsah t\u0159et\u00edch stranTento web m\u016f\u017ee obsahovat odkazy na internetov\u00e9 str\u00e1nky t\u0159et\u00edch stran. Upozor\u0148ujeme, \u017ee nem\u00e1me \u017e\u00e1dnou kontrolu nad obsahem t\u011bchto str\u00e1nek a neodpov\u00edd\u00e1me za jejich p\u0159esnost, bezpe\u010dnost nebo obsah.<\/p>","protected":false},"author":1,"featured_media":0,"parent":0,"menu_order":0,"comment_status":"closed","ping_status":"closed","template":"","meta":{"_et_pb_use_builder":"on","_et_pb_old_content":"","_et_gb_content_width":"","footnotes":""},"class_list":["post-12616","page","type-page","status-publish","hentry"],"_links":{"self":[{"href":"https:\/\/yorge.com\/en\/wp-json\/wp\/v2\/pages\/12616","targetHints":{"allow":["GET"]}}],"collection":[{"href":"https:\/\/yorge.com\/en\/wp-json\/wp\/v2\/pages"}],"about":[{"href":"https:\/\/yorge.com\/en\/wp-json\/wp\/v2\/types\/page"}],"author":[{"embeddable":true,"href":"https:\/\/yorge.com\/en\/wp-json\/wp\/v2\/users\/1"}],"replies":[{"embeddable":true,"href":"https:\/\/yorge.com\/en\/wp-json\/wp\/v2\/comments?post=12616"}],"version-history":[{"count":45,"href":"https:\/\/yorge.com\/en\/wp-json\/wp\/v2\/pages\/12616\/revisions"}],"predecessor-version":[{"id":236953,"href":"https:\/\/yorge.com\/en\/wp-json\/wp\/v2\/pages\/12616\/revisions\/236953"}],"wp:attachment":[{"href":"https:\/\/yorge.com\/en\/wp-json\/wp\/v2\/media?parent=12616"}],"curies":[{"name":"wp","href":"https:\/\/api.w.org\/{rel}","templated":true}]}}